{"id":464,"date":"2024-03-11T16:23:56","date_gmt":"2024-03-11T16:23:56","guid":{"rendered":"https:\/\/veladorasazucena.com\/?page_id=464"},"modified":"2024-03-11T16:27:57","modified_gmt":"2024-03-11T16:27:57","slug":"aviso-de-privacidad","status":"publish","type":"page","link":"https:\/\/veladorasazucena.com\/index.php\/aviso-de-privacidad\/","title":{"rendered":"Aviso de privacidad"},"content":{"rendered":"\t\t<div data-elementor-type=\"wp-page\" data-elementor-id=\"464\" class=\"elementor elementor-464\" data-elementor-post-type=\"page\">\n\t\t\t\t<div class=\"elementor-element elementor-element-96d2583 e-flex e-con-boxed e-con e-parent\" data-id=\"96d2583\" data-element_type=\"container\" data-settings=\"{&quot;background_background&quot;:&quot;gradient&quot;}\">\n\t\t\t\t\t<div class=\"e-con-inner\">\n\t\t<div class=\"elementor-element elementor-element-05b28b3 e-flex e-con-boxed e-con e-child\" data-id=\"05b28b3\" data-element_type=\"container\" data-settings=\"{&quot;background_background&quot;:&quot;classic&quot;}\">\n\t\t\t\t\t<div class=\"e-con-inner\">\n\t\t\t\t<div class=\"elementor-element elementor-element-fb118ad elementor-widget__width-auto elementor-invisible elementor-widget elementor-widget-heading\" data-id=\"fb118ad\" data-element_type=\"widget\" data-settings=\"{&quot;_animation&quot;:&quot;fadeInDown&quot;}\" data-widget_type=\"heading.default\">\n\t\t\t\t<div class=\"elementor-widget-container\">\n\t\t\t\t\t<div class=\"elementor-heading-title elementor-size-default\">\u00bfQu\u00e9 hacemos con tu informaci\u00f3n?<\/div>\t\t\t\t<\/div>\n\t\t\t\t<\/div>\n\t\t\t\t<div class=\"elementor-element elementor-element-fefcba0 elementor-widget elementor-widget-heading\" data-id=\"fefcba0\" data-element_type=\"widget\" data-widget_type=\"heading.default\">\n\t\t\t\t<div class=\"elementor-widget-container\">\n\t\t\t\t\t<h2 class=\"elementor-heading-title elementor-size-default\">Aviso de privacidad<\/h2>\t\t\t\t<\/div>\n\t\t\t\t<\/div>\n\t\t\t\t<div class=\"elementor-element elementor-element-2fbd31a elementor-widget elementor-widget-spacer\" data-id=\"2fbd31a\" data-element_type=\"widget\" data-widget_type=\"spacer.default\">\n\t\t\t\t<div class=\"elementor-widget-container\">\n\t\t\t\t\t\t\t<div class=\"elementor-spacer\">\n\t\t\t<div class=\"elementor-spacer-inner\"><\/div>\n\t\t<\/div>\n\t\t\t\t\t\t<\/div>\n\t\t\t\t<\/div>\n\t\t\t\t<div class=\"elementor-element elementor-element-f54cf7e elementor-widget elementor-widget-text-editor\" data-id=\"f54cf7e\" data-element_type=\"widget\" data-widget_type=\"text-editor.default\">\n\t\t\t\t<div class=\"elementor-widget-container\">\n\t\t\t\t\t\t\t\t\t<p>Para responder a cualquier solicitud relacionada con el ejercicio de sus derechos ARCO, para la revocaci\u00f3n del consentimiento que nos ha brindado para el procesamiento de sus datos personales, para limitar el uso o divulgaci\u00f3n de sus datos, o sobre los fines para el procesamiento de sus datos personales, ponemos a disposici\u00f3n nuestro Departamento de Privacidad en los siguientes medios de contacto:<\/p><p><b>Pol\u00edtica de Privacidad<br \/><\/b><strong>Email: sdanel@veladorasazucena.com.mx<\/strong><\/p><p><strong>\u00a0<\/strong><\/p><p><strong>Para comunicarnos con usted, necesitamos la siguiente informaci\u00f3n personal y de contacto en su solicitud:<\/strong><\/p><p>\u2022 Nombre del due\u00f1o<br \/>\u2022 Carta de autorizaci\u00f3n en caso de que la solicitud sea realizada por alguien que no sea el titular<br \/>\u2022 Copia de la identificaci\u00f3n del titular<br \/>\u2022 Email<br \/>\u2022 Tel\u00e9fono<\/p><p>Despu\u00e9s de recibir su solicitud, recibir\u00e1 nuestra respuesta dentro de un m\u00e1ximo de veinte d\u00edas h\u00e1biles por el medio de contacto que proporcione.<\/p><p><strong>\u00bfCon qu\u00e9 fines utilizaremos sus datos personales?<\/strong><\/p><p>Los datos personales que recopilamos de usted los usaremos para los siguientes fines que son necesarios para el servicio que solicita:<\/p><p>\u2022 Para fines de contacto<br \/>\u2022 Para facturaci\u00f3n y cobro<\/p><p><strong>\u00bfQu\u00e9 informaci\u00f3n personal utilizaremos para estos fines?<\/strong><\/p><p>Para llevar a cabo los fines descritos en este Aviso de privacidad, utilizaremos la siguiente informaci\u00f3n personal:<\/p><p>\u2022 Informaci\u00f3n del contacto<br \/>\u2022 Datos de identificaci\u00f3n<br \/>\u2022 Datos de facturaci\u00f3n<\/p><p><strong>\u00bfC\u00f3mo puede acceder, rectificar o cancelar sus datos personales u oponerse a su uso?<\/strong><\/p><p>Tiene derecho a saber qu\u00e9 informaci\u00f3n personal tenemos sobre usted, qu\u00e9 usamos y las condiciones de uso que le damos (Acceso). Adem\u00e1s, tiene derecho a solicitar la correcci\u00f3n de su informaci\u00f3n personal en caso de que est\u00e9 desactualizada, sea inexacta o incompleta (rectificaci\u00f3n); Que lo eliminemos de nuestros registros o bases de datos cuando considere que no se est\u00e1 utilizando de acuerdo con los principios, deberes y obligaciones establecidos en las regulaciones (Cancelaci\u00f3n); Adem\u00e1s de oponerse al uso de sus datos personales para fines espec\u00edficos (Oposici\u00f3n). Estos derechos se conocen como derechos ARCO.<\/p><p>Si desea ejercer sus derechos ARCO, puede hacerlo contactando a nuestro Departamento de Privacidad en los medios establecidos en este aviso.<\/p><p><strong>\u00bfC\u00f3mo puede revocar su consentimiento para el uso de sus datos personales?<\/strong><\/p><p>Puede revocar el consentimiento que, en su caso, nos ha otorgado para el procesamiento de sus datos personales. Sin embargo, es importante tener en cuenta que en todos los casos no podremos atender su solicitud o concluir el uso de inmediato, ya que es posible que, por alguna obligaci\u00f3n legal, necesitemos continuar procesando sus datos personales. Tambi\u00e9n debe considerar que, para ciertos fines, la revocaci\u00f3n de su consentimiento significar\u00e1 que no podemos continuar brindando el servicio que solicit\u00f3, o la terminaci\u00f3n de su relaci\u00f3n con nosotros.<\/p><p>Para conocer el procedimiento y los requisitos para la revocaci\u00f3n de su consentimiento, puede comunicarse con nuestro Departamento de Privacidad a trav\u00e9s de los medios especificados en este aviso.<\/p><p><strong>\u00bfC\u00f3mo puede limitar el uso o divulgaci\u00f3n de su informaci\u00f3n personal?<\/strong><\/p><p>Si desea limitar el uso o divulgaci\u00f3n de su informaci\u00f3n personal, puede solicitarla a nuestro Departamento de Privacidad a trav\u00e9s de los medios especificados en este aviso.<\/p><p>Adem\u00e1s, podemos proporcionarle procedimientos y mecanismos espec\u00edficos mediante los cuales puede limitar el uso de su informaci\u00f3n personal. Estos procedimientos y mecanismos espec\u00edficos ser\u00e1n informados a trav\u00e9s de los medios que utilizamos para comunicarnos con usted u otros que consideremos apropiados.<\/p><p><strong>\u00bfC\u00f3mo puede conocer los cambios a este Aviso de privacidad?<\/strong><\/p><p>Este Aviso de privacidad puede estar sujeto a cambios, modificaciones o actualizaciones que surjan de nuevos requisitos legales; De nuestras propias necesidades de los productos o servicios que ofrecemos; De nuestras pr\u00e1cticas de privacidad; Cambios en nuestro modelo de negocio u otras causas.<\/p><p><strong>Los cambios en el Aviso de privacidad se informar\u00e1n a trav\u00e9s de nuestro sitio web en la siguiente direcci\u00f3n: www.veladorasazucena.com<\/strong><\/p><div id=\"urban-overlay\" style=\"left: -10px; top: -10px; width: 0px; height: 0px;\">\u00a0<\/div><div id=\"urban-overlay\" style=\"left: -10px; top: -10px; width: 0px; height: 0px;\">\u00a0<\/div><div id=\"urban-overlay\" style=\"left: -10px; top: -10px; width: 0px; height: 0px;\">\u00a0<\/div><div id=\"urban-overlay\" style=\"left: -10px; top: -10px; width: 0px; height: 0px;\">\u00a0<\/div><div id=\"urban-overlay\" style=\"left: -10px; top: -10px; width: 0px; height: 0px;\">\u00a0<\/div>\t\t\t\t\t\t\t\t<\/div>\n\t\t\t\t<\/div>\n\t\t\t\t\t<\/div>\n\t\t\t\t<\/div>\n\t\t\t\t\t<\/div>\n\t\t\t\t<\/div>\n\t\t\t\t<\/div>\n\t\t","protected":false},"excerpt":{"rendered":"<p>\u00bfQu\u00e9 hacemos con tu informaci\u00f3n? Aviso de privacidad Para responder a cualquier solicitud relacionada con el ejercicio de sus derechos ARCO, para la revocaci\u00f3n del consentimiento que nos ha brindado para el procesamiento de sus datos personales, para limitar el uso o divulgaci\u00f3n de sus datos, o sobre los fines para el procesamiento de sus [&hellip;]<\/p>\n","protected":false},"author":1,"featured_media":0,"parent":0,"menu_order":0,"comment_status":"closed","ping_status":"closed","template":"","meta":{"footnotes":""},"class_list":["post-464","page","type-page","status-publish","hentry"],"_links":{"self":[{"href":"https:\/\/veladorasazucena.com\/index.php\/wp-json\/wp\/v2\/pages\/464","targetHints":{"allow":["GET"]}}],"collection":[{"href":"https:\/\/veladorasazucena.com\/index.php\/wp-json\/wp\/v2\/pages"}],"about":[{"href":"https:\/\/veladorasazucena.com\/index.php\/wp-json\/wp\/v2\/types\/page"}],"author":[{"embeddable":true,"href":"https:\/\/veladorasazucena.com\/index.php\/wp-json\/wp\/v2\/users\/1"}],"replies":[{"embeddable":true,"href":"https:\/\/veladorasazucena.com\/index.php\/wp-json\/wp\/v2\/comments?post=464"}],"version-history":[{"count":7,"href":"https:\/\/veladorasazucena.com\/index.php\/wp-json\/wp\/v2\/pages\/464\/revisions"}],"predecessor-version":[{"id":471,"href":"https:\/\/veladorasazucena.com\/index.php\/wp-json\/wp\/v2\/pages\/464\/revisions\/471"}],"wp:attachment":[{"href":"https:\/\/veladorasazucena.com\/index.php\/wp-json\/wp\/v2\/media?parent=464"}],"curies":[{"name":"wp","href":"https:\/\/api.w.org\/{rel}","templated":true}]}}